{"id":48,"date":"2023-01-12T16:20:07","date_gmt":"2023-01-12T15:20:07","guid":{"rendered":"https:\/\/www.dieter-wirth.com\/?page_id=48"},"modified":"2023-02-24T17:12:28","modified_gmt":"2023-02-24T16:12:28","slug":"datenschutzerklaerung-2","status":"publish","type":"page","link":"https:\/\/www.dieter-wirth.com\/?page_id=48","title":{"rendered":"Datenschutzerkl\u00e4rung"},"content":{"rendered":"\t\t<div data-elementor-type=\"wp-page\" data-elementor-id=\"48\" class=\"elementor elementor-48\" data-elementor-post-type=\"page\">\n\t\t\t\t\t\t<section class=\"elementor-section elementor-top-section elementor-element elementor-element-36590c48 elementor-section-boxed elementor-section-height-default elementor-section-height-default\" data-id=\"36590c48\" data-element_type=\"section\" data-e-type=\"section\">\n\t\t\t\t\t\t<div class=\"elementor-container elementor-column-gap-default\">\n\t\t\t\t\t<div class=\"elementor-column elementor-col-50 elementor-top-column elementor-element elementor-element-1720df67\" data-id=\"1720df67\" data-element_type=\"column\" data-e-type=\"column\">\n\t\t\t<div class=\"elementor-widget-wrap elementor-element-populated\">\n\t\t\t\t\t\t<div class=\"elementor-element elementor-element-f8e533b elementor-widget elementor-widget-heading\" data-id=\"f8e533b\" data-element_type=\"widget\" data-e-type=\"widget\" data-widget_type=\"heading.default\">\n\t\t\t\t<div class=\"elementor-widget-container\">\n\t\t\t\t\t<h1 class=\"elementor-heading-title elementor-size-default\">Datenschutzerkl\u00e4rung <\/h1>\t\t\t\t<\/div>\n\t\t\t\t<\/div>\n\t\t\t\t<div class=\"elementor-element elementor-element-67954e61 elementor-widget elementor-widget-text-editor\" data-id=\"67954e61\" data-element_type=\"widget\" data-e-type=\"widget\" data-widget_type=\"text-editor.default\">\n\t\t\t\t<div class=\"elementor-widget-container\">\n\t\t\t\t\t\t\t\t\t<p><strong>Versicherungsmakler <\/strong><br \/><strong>Dieter Wirth\u2028<\/strong><br \/>Coburger Str. 3a, 90522 Oberasbach<\/p><p><strong>Allgemeines<\/strong><br \/>Der Schutz Ihrer pers\u00f6nlichen Daten ist uns sehr wichtig. Wir beachten hierbei die gesetzlichen Regelungen, insbesondere des Bundesdatenschutzgesetzes (BDSG) und Telemediengesetzes (TMG).<br \/>Sind Sie bereits Kunde von uns und haben einen Maklervertrag mit uns geschlossen, gelten erg\u00e4nzend die dort vereinbarten Bestimmungen, insbesondere die Regelungen zur Weitergabe der Daten an Versicherer.<br \/>In Server-Logfiles werden statistische Informationen wie z.B. aufgerufene Seiten, benutztes Betriebssystem und Browsertyp, verwendete IP, Zugriffsdatum und -uhrzeit gespeichert. Diese Informationen haben keinen Personenbezug.<\/p><p><strong>Formulare<\/strong><br \/>Geben Sie Ihre pers\u00f6nlichen Daten wie beispielsweise Name, Geburtsdatum, Anschrift, Bankverbindung oder sonstige Daten z.B. zur Erstellung eines Angebots oder Meldung eines Schaden in ein Formular ein werden diese von uns gespeichert und verarbeitet.<\/p><p>Pers\u00f6nliche Daten \u00fcber Minderj\u00e4hrige erheben wir wissentlich nur bei Erziehungsberechtigten und nur, wenn und soweit die personenbezogene Verarbeitung und Nutzung zur Erf\u00fcllung eines Vertragsverh\u00e4ltnisses erforderlich ist.<\/p><p><strong>Recht auf Auskunft, Berichtigung, L\u00f6schung und Sperrung der Daten<\/strong><br \/>M\u00f6chten Sie von Ihren gesetzlichen Rechten auf Auskunft, Berichtigung, L\u00f6schung (abgesehen von der vorgeschriebenen Datenspeicherung zur Gesch\u00e4ftsabwicklung) und Sperrung der Daten Gebrauch nehmen, reicht es aus, wenn Sie uns eine kurze E-Mail unter Angabe Ihres Namens und Ihrer Anschrift senden.<\/p><p><strong>Einbindung und Verwendung von Inhalten Dritter<\/strong><br \/>In unserer Webseite k\u00f6nnen Inhalte von Dritten, insbesondere Angebotsprogramme, Vergleichsrechner und Produktangebote z. B. von Versicherern eingebunden sein. Diese Inhalte k\u00f6nnen im Design unseres Internetauftritts sein.<\/p><p>F\u00fcr diese Inhalte gelten die Datenschutzerkl\u00e4rungen des Dritten, welche an der entsprechenden Stelle verlinkt sind, bzw. im Internetauftritt des Dritten ersichtlich sind.<\/p><p><strong>Verwendung von Cookies \/ Google AdWords<\/strong><br \/>Pers\u00f6nliche Einstellungen und Nutzerverhalten (z.B. bevorzugte Inhalte) k\u00f6nnen \u00fcber sogenannte \u201eCookies\u201c gespeichert werden. Diese Cookies sind kleine Dateien und werden vom Browser des Anwenders auf seiner Festplatte gespeichert, womit Sie einverstanden sind. Die Verwendung von Cookies kann f\u00fcr die einwandfreie Nutzung eines Internetauftritts notwendig sein.<\/p><p>Sie k\u00f6nnen aber auch dazu genutzt werden, dem Nutzer beim n\u00e4chsten Besuch dieser oder auch anderer Internetauftritte auf das Nutzerverhalten abgestimmte Inhalte anzuzeigen.<\/p><p>Cookies k\u00f6nnen bereits bei Aufruf von Internetauftritten Dritter gesetzt werden (z.B. Suchmaschinen), wenn wir dort Anzeigen \/ Verlinkungen zu unserem Internetauftritt beauftragt haben. Dies gilt insbesondere f\u00fcr das sog. Conversion-Tracking von Google, wenn dort Werbung geschaltet wird (Google Ad Words).<\/p><p>Sie k\u00f6nnen das etwaige Speichern von Cookies auf Ihrer Festplatte verhindern, indem Sie in Ihren Browser-Einstellungen \u201ekeine Cookies akzeptieren\u201c w\u00e4hlen. Die auf Ihrem Rechner bereits gesetzten Cookies k\u00f6nnen Sie jederzeit l\u00f6schen. Wie das im Einzelnen funktioniert, entnehmen Sie bitte der Anleitung Ihres Browsers.<\/p><p>Bei Aufruf unseres Internetauftritts oder eingebundener Dienste Dritter k\u00f6nnen Cookies verwendet werden. Hierauf muss dann nicht nochmals gesondert hingewiesen werden.<\/p>\t\t\t\t\t\t\t\t<\/div>\n\t\t\t\t<\/div>\n\t\t\t\t\t<\/div>\n\t\t<\/div>\n\t\t\t\t<div class=\"elementor-column elementor-col-50 elementor-top-column elementor-element elementor-element-a49663a\" data-id=\"a49663a\" data-element_type=\"column\" data-e-type=\"column\">\n\t\t\t<div class=\"elementor-widget-wrap elementor-element-populated\">\n\t\t\t\t\t\t<div class=\"elementor-element elementor-element-4de2835 elementor-widget elementor-widget-text-editor\" data-id=\"4de2835\" data-element_type=\"widget\" data-e-type=\"widget\" data-widget_type=\"text-editor.default\">\n\t\t\t\t<div class=\"elementor-widget-container\">\n\t\t\t\t\t\t\t\t\t<p>\u00a0<\/p><p><strong>Verwendung von Cookies \/ Sonstige Analysedienste<\/strong><br \/>Unsere Website verwendet Piwik, dabei handelt es sich um einen sogenannten Webanalysedienst. Piwik verwendet sog. \u201eCookies\u201c, das sind Textdateien, die auf Ihrem Computer gespeichert werden und die unsererseits eine Analyse der Benutzung der Webseite erm\u00f6glichen. Zu diesem Zweck werden die durch den Cookie erzeugten Nutzungsinformationen (einschlie\u00dflich Ihrer gek\u00fcrzten IP-Adresse) an unseren Server \u00fcbertragen und zu Nutzungsanalysezwecken gespeichert, was der Webseitenoptimierung unsererseits dient. Ihre IP-Adresse wird bei diesem Vorgang umge\u00adhend anony\u00admi\u00adsiert, so dass Sie als Nutzer f\u00fcr uns anonym bleiben. Die durch den Cookie erzeugten Informationen \u00fcber Ihre Benutzung dieser Webseite werden nicht an Dritte weitergegeben. Sie k\u00f6nnen die Verwendung der Cookies durch eine entsprechende Einstellung Ihrer Browser Software verhindern, es kann jedoch sein, dass Sie in diesem Fall gegebenenfalls nicht s\u00e4mtliche Funktionen dieser Website voll umf\u00e4nglich nutzen k\u00f6nnen.<\/p><p>Wenn Sie mit der Spei\u00adche\u00adrung und Aus\u00adwer\u00adtung die\u00adser Daten aus Ihrem Besuch nicht ein\u00adver\u00adstan\u00adden sind, dann k\u00f6n\u00adnen Sie der Spei\u00adche\u00adrung und Nut\u00adzung nachfolgend per Maus\u00adklick jederzeit wider\u00adspre\u00adchen. In diesem Fall wird in Ihrem Browser ein sog. Opt-Out-Cookie abgelegt, was zur Folge hat, dass Piwik kei\u00adner\u00adlei Sit\u00adzungs\u00adda\u00adten erhebt. Achtung: Wenn Sie Ihre Cookies l\u00f6schen, so hat dies zur Folge, dass auch das Opt-Out-Cookie gel\u00f6scht wird und ggf. von Ihnen erneut aktiviert werden muss.<\/p><p><strong>Google Maps<\/strong><br \/>Diese Seite nutzt \u00fcber eine API den Kartendienst Google Maps. Anbieter ist die Google Inc., 1600 Amphitheatre Parkway Mountain View, CA 94043, USA. Zur Nutzung der Funktionen von Google Maps ist es notwendig, Ihre IP Adresse zu speichern. Diese Informationen werden in der Regel an einen Server von Google in den USA \u00fcbertragen und dort gespeichert. Der Anbieter dieser Seite hat keinen Einfluss auf diese Daten\u00fcbertragung.<br \/>Mehr Informationen zum Umgang mit Nutzerdaten finden Sie in der Datenschutzerkl\u00e4rung von Google: <a href=\"https:\/\/www.google.de\/intl\/de\/policies\/privacy\/\">https:\/\/www.google.de\/intl\/de\/policies\/privacy\/<\/a><\/p><p><strong>SSL-Verschl\u00fcsselung<\/strong><br \/>Diese Seite nutzt aus Gr\u00fcnden der Sicherheit und zum Schutz der \u00dcbertragung vertraulicher Inhalte, wie zum Beispiel der Anfragen, die Sie an uns als Seitenbetreiber senden, eine SSL-Verschl\u00fcsselung. Eine verschl\u00fcsselte Verbindung erkennen Sie daran, dass die Adresszeile des Browsers von \u201ehttp:\/\/\u201c auf \u201ehttps:\/\/\u201c wechselt und an dem Schloss-Symbol in Ihrer Browserzeile.<br \/>Wenn die SSL Verschl\u00fcsselung aktiviert ist, k\u00f6nnen die Daten, die Sie an uns \u00fcbermitteln, nicht von Dritten mitgelesen werden.<\/p>\t\t\t\t\t\t\t\t<\/div>\n\t\t\t\t<\/div>\n\t\t\t\t\t<\/div>\n\t\t<\/div>\n\t\t\t\t\t<\/div>\n\t\t<\/section>\n\t\t\t\t<\/div>\n\t\t","protected":false},"excerpt":{"rendered":"<p>Datenschutzerkl\u00e4rung Versicherungsmakler Dieter Wirth\u2028Coburger Str. 3a, 90522 Oberasbach AllgemeinesDer Schutz Ihrer pers\u00f6nlichen Daten ist uns sehr wichtig. Wir beachten hierbei die gesetzlichen Regelungen, insbesondere des Bundesdatenschutzgesetzes (BDSG) und Telemediengesetzes (TMG).Sind Sie bereits Kunde von uns und haben einen Maklervertrag mit uns geschlossen, gelten erg\u00e4nzend die dort vereinbarten Bestimmungen, insbesondere die Regelungen zur Weitergabe der Daten [&hellip;]<\/p>\n","protected":false},"author":2,"featured_media":0,"parent":0,"menu_order":40,"comment_status":"closed","ping_status":"closed","template":"","meta":{"site-sidebar-layout":"default","site-content-layout":"default","ast-site-content-layout":"","site-content-style":"default","site-sidebar-style":"default","ast-global-header-display":"","ast-banner-title-visibility":"","ast-main-header-display":"","ast-hfb-above-header-display":"","ast-hfb-below-header-display":"","ast-hfb-mobile-header-display":"","site-post-title":"","ast-breadcrumbs-content":"","ast-featured-img":"","footer-sml-layout":"","theme-transparent-header-meta":"default","adv-header-id-meta":"","stick-header-meta":"","header-above-stick-meta":"","header-main-stick-meta":"","header-below-stick-meta":"","astra-migrate-meta-layouts":"default","ast-page-background-enabled":"default","ast-page-background-meta":{"desktop":{"background-color":"var(--ast-global-color-4)","background-image":"","background-repeat":"repeat","background-position":"center center","background-size":"auto","background-attachment":"scroll","background-type":"","background-media":"","overlay-type":"","overlay-color":"","overlay-opacity":"","overlay-gradient":""},"tablet":{"background-color":"","background-image":"","background-repeat":"repeat","background-position":"center center","background-size":"auto","background-attachment":"scroll","background-type":"","background-media":"","overlay-type":"","overlay-color":"","overlay-opacity":"","overlay-gradient":""},"mobile":{"background-color":"","background-image":"","background-repeat":"repeat","background-position":"center center","background-size":"auto","background-attachment":"scroll","background-type":"","background-media":"","overlay-type":"","overlay-color":"","overlay-opacity":"","overlay-gradient":""}},"ast-content-background-meta":{"desktop":{"background-color":"var(--ast-global-color-5)","background-image":"","background-repeat":"repeat","background-position":"center center","background-size":"auto","background-attachment":"scroll","background-type":"","background-media":"","overlay-type":"","overlay-color":"","overlay-opacity":"","overlay-gradient":""},"tablet":{"background-color":"var(--ast-global-color-5)","background-image":"","background-repeat":"repeat","background-position":"center center","background-size":"auto","background-attachment":"scroll","background-type":"","background-media":"","overlay-type":"","overlay-color":"","overlay-opacity":"","overlay-gradient":""},"mobile":{"background-color":"var(--ast-global-color-5)","background-image":"","background-repeat":"repeat","background-position":"center center","background-size":"auto","background-attachment":"scroll","background-type":"","background-media":"","overlay-type":"","overlay-color":"","overlay-opacity":"","overlay-gradient":""}},"footnotes":""},"class_list":["post-48","page","type-page","status-publish","hentry"],"_links":{"self":[{"href":"https:\/\/www.dieter-wirth.com\/index.php?rest_route=\/wp\/v2\/pages\/48","targetHints":{"allow":["GET"]}}],"collection":[{"href":"https:\/\/www.dieter-wirth.com\/index.php?rest_route=\/wp\/v2\/pages"}],"about":[{"href":"https:\/\/www.dieter-wirth.com\/index.php?rest_route=\/wp\/v2\/types\/page"}],"author":[{"embeddable":true,"href":"https:\/\/www.dieter-wirth.com\/index.php?rest_route=\/wp\/v2\/users\/2"}],"replies":[{"embeddable":true,"href":"https:\/\/www.dieter-wirth.com\/index.php?rest_route=%2Fwp%2Fv2%2Fcomments&post=48"}],"version-history":[{"count":9,"href":"https:\/\/www.dieter-wirth.com\/index.php?rest_route=\/wp\/v2\/pages\/48\/revisions"}],"predecessor-version":[{"id":148,"href":"https:\/\/www.dieter-wirth.com\/index.php?rest_route=\/wp\/v2\/pages\/48\/revisions\/148"}],"wp:attachment":[{"href":"https:\/\/www.dieter-wirth.com\/index.php?rest_route=%2Fwp%2Fv2%2Fmedia&parent=48"}],"curies":[{"name":"wp","href":"https:\/\/api.w.org\/{rel}","templated":true}]}}