{"id":26,"date":"2023-01-12T15:39:33","date_gmt":"2023-01-12T14:39:33","guid":{"rendered":"https:\/\/www.dieter-wirth.com\/?page_id=26"},"modified":"2023-01-12T17:55:09","modified_gmt":"2023-01-12T16:55:09","slug":"erstinformation","status":"publish","type":"page","link":"https:\/\/www.dieter-wirth.com\/?page_id=26","title":{"rendered":"Erstinformation"},"content":{"rendered":"\t\t<div data-elementor-type=\"wp-page\" data-elementor-id=\"26\" class=\"elementor elementor-26\" data-elementor-post-type=\"page\">\n\t\t\t\t\t\t<section class=\"elementor-section elementor-top-section elementor-element elementor-element-0c989a4 elementor-section-boxed elementor-section-height-default elementor-section-height-default\" data-id=\"0c989a4\" data-element_type=\"section\" data-e-type=\"section\">\n\t\t\t\t\t\t<div class=\"elementor-container elementor-column-gap-default\">\n\t\t\t\t\t<div class=\"elementor-column elementor-col-66 elementor-top-column elementor-element elementor-element-d63d75a\" data-id=\"d63d75a\" data-element_type=\"column\" data-e-type=\"column\">\n\t\t\t<div class=\"elementor-widget-wrap elementor-element-populated\">\n\t\t\t\t\t\t<div class=\"elementor-element elementor-element-1d9da54 elementor-widget elementor-widget-heading\" data-id=\"1d9da54\" data-element_type=\"widget\" data-e-type=\"widget\" data-widget_type=\"heading.default\">\n\t\t\t\t<div class=\"elementor-widget-container\">\n\t\t\t\t\t<h1 class=\"elementor-heading-title elementor-size-default\">Erstinformation \u2013\u00a0 \nVersicherungsmakler Dieter Wirth<\/h1>\t\t\t\t<\/div>\n\t\t\t\t<\/div>\n\t\t\t\t<div class=\"elementor-element elementor-element-2a808f6 elementor-widget elementor-widget-text-editor\" data-id=\"2a808f6\" data-element_type=\"widget\" data-e-type=\"widget\" data-widget_type=\"text-editor.default\">\n\t\t\t\t<div class=\"elementor-widget-container\">\n\t\t\t\t\t\t\t\t\t<div class=\"section the_content has_content\"><div class=\"section_wrapper\"><div class=\"the_content_wrapper \"><p><strong>Dieter Wirth \u2013 Versicherungsmakler<\/strong><br \/>Coburger Str. 3 a<br \/>90522 Oberasbach<br \/>Internet: <a href=\"https:\/\/web.archive.org\/web\/20220626233652\/http:\/?m=MmI2MXw%3D&amp;p=arbeitskraftabsicherung\" target=\"_blank\" rel=\"noopener\">https:\/www.dieter-wirth.com\u00a0<\/a><\/p><h2>\u00a734d GewO<\/h2><p><b>Berufsbezeichnung:<\/b><br \/>Versicherungsmakler mit Erlaubnis nach \u00a7 34d Abs. 1 Gewerbeordnung, Bundesrepublik Deutschland<\/p><p><b>Registernummer: <\/b>D-6Y4N-NJUKG-12<\/p><p><b>Aufsichtsbeh\u00f6rde und zust\u00e4ndige Beh\u00f6rde f\u00fcr die Erlaubnis:<\/b><\/p><p>IHK f\u00fcr M\u00fcnchen und Oberbayern<br \/><span class=\"s1\">Max-Joseph-Stra\u00dfe 2<br \/><\/span>80333 M\u00fcnchen<br \/>Deutschland<\/p><p><b>Die Eintragung kann wie folgt \u00fcberpr\u00fcft werden:<\/b><br \/>Deutscher Industrie- und Handelskammertag (DIHK) e.V.<br \/>Breite Stra\u00dfe 29, 10178 Berlin<br \/>Telefon <a href=\"https:\/\/web.archive.org\/web\/20220626233652\/tel:+491806005850\">0180-600-585-0<\/a> *<br \/><a href=\"https:\/\/web.archive.org\/web\/20220626233652\/http:\/\/www.vermittlerregister.info\/\" target=\"_blank\" rel=\"noopener\">www.vermittlerregister.info<\/a><br \/><small>* 20 Cent\/Anruf aus dem deutschen Festnetz, h\u00f6chstens 60 Cent\/Anruf aus Mobilfunknetzen<\/small><\/p><p><b>Schlichtungsstellen<\/b><br \/>Gem\u00e4\u00df \u00a7 36 VSBG teilen wir mit, dass wir bereit sind an einem Streitbeilegungsverfahren teilzunehmen. Folgende Schlichtungsstellen k\u00f6nnen angerufen werden:<\/p><p>Versicherungsombudsmann e.V.<br \/>Postfach 08 06 32, 10006 Berlin<br \/><a href=\"https:\/\/web.archive.org\/web\/20220626233652\/http:\/\/www.versicherungsombudsmann.de\/\" target=\"_blank\" rel=\"noopener\">www.versicherungsombudsmann.de<\/a><\/p><p>Ombudsmann Private Kranken- und Pflegeversicherung<br \/>Postfach 06 02 22, 10052 Berlin<br \/><a href=\"https:\/\/web.archive.org\/web\/20220626233652\/http:\/\/www.pkv-ombudsmann.de\/\" target=\"_blank\" rel=\"noopener\">www.pkv-ombudsmann.de<\/a><\/p><p>Europ\u00e4ische Kommision<br \/>Online-Streitbeilegungsplattform (OS-Plattform)<br \/><a href=\"https:\/\/web.archive.org\/web\/20220626233652\/http:\/\/ec.europa.eu\/consumers\/odr\" target=\"_blank\" rel=\"noopener\">http:\/\/ec.europa.eu\/consumers\/odr<\/a><\/p><p><b>Berufsrechtliche Regelungen sind insbesondere:<\/b><\/p><ul><li>\u00a7 34 d Gewerbeordnung<\/li><li>\u00a7\u00a7 59 \u2013 68 VVG<\/li><li>VersVermV<\/li><\/ul><p>Die berufsrechtlichen Regelungen k\u00f6nnen \u00fcber die vom Bundesministerium der Justiz und von der juris GmbH betriebenen Homepage <a href=\"https:\/\/web.archive.org\/web\/20220626233652\/http:\/\/www.gesetze-im-internet.de\/\" target=\"_blank\" rel=\"noopener\">www.gesetze-im-internet.de<\/a> eingesehen und abgerufen werden.<\/p><\/div><\/div><\/div>\t\t\t\t\t\t\t\t<\/div>\n\t\t\t\t<\/div>\n\t\t\t\t\t<\/div>\n\t\t<\/div>\n\t\t\t\t<div class=\"elementor-column elementor-col-33 elementor-top-column elementor-element elementor-element-6635bf4\" data-id=\"6635bf4\" data-element_type=\"column\" data-e-type=\"column\">\n\t\t\t<div class=\"elementor-widget-wrap\">\n\t\t\t\t\t\t\t<\/div>\n\t\t<\/div>\n\t\t\t\t\t<\/div>\n\t\t<\/section>\n\t\t\t\t<\/div>\n\t\t","protected":false},"excerpt":{"rendered":"<p>Erstinformation \u2013\u00a0 Versicherungsmakler Dieter Wirth Dieter Wirth \u2013 VersicherungsmaklerCoburger Str. 3 a90522 OberasbachInternet: https:\/www.dieter-wirth.com\u00a0 \u00a734d GewO Berufsbezeichnung:Versicherungsmakler mit Erlaubnis nach \u00a7 34d Abs. 1 Gewerbeordnung, Bundesrepublik Deutschland Registernummer: D-6Y4N-NJUKG-12 Aufsichtsbeh\u00f6rde und zust\u00e4ndige Beh\u00f6rde f\u00fcr die Erlaubnis: IHK f\u00fcr M\u00fcnchen und OberbayernMax-Joseph-Stra\u00dfe 280333 M\u00fcnchenDeutschland Die Eintragung kann wie folgt \u00fcberpr\u00fcft werden:Deutscher Industrie- und Handelskammertag (DIHK) e.V.Breite [&hellip;]<\/p>\n","protected":false},"author":2,"featured_media":0,"parent":0,"menu_order":0,"comment_status":"closed","ping_status":"closed","template":"","meta":{"site-sidebar-layout":"no-sidebar","site-content-layout":"page-builder","ast-site-content-layout":"","site-content-style":"default","site-sidebar-style":"default","ast-global-header-display":"","ast-banner-title-visibility":"","ast-main-header-display":"","ast-hfb-above-header-display":"","ast-hfb-below-header-display":"","ast-hfb-mobile-header-display":"","site-post-title":"disabled","ast-breadcrumbs-content":"","ast-featured-img":"disabled","footer-sml-layout":"","theme-transparent-header-meta":"","adv-header-id-meta":"","stick-header-meta":"","header-above-stick-meta":"","header-main-stick-meta":"","header-below-stick-meta":"","astra-migrate-meta-layouts":"default","ast-page-background-enabled":"default","ast-page-background-meta":{"desktop":{"background-color":"var(--ast-global-color-4)","background-image":"","background-repeat":"repeat","background-position":"center center","background-size":"auto","background-attachment":"scroll","background-type":"","background-media":"","overlay-type":"","overlay-color":"","overlay-opacity":"","overlay-gradient":""},"tablet":{"background-color":"","background-image":"","background-repeat":"repeat","background-position":"center center","background-size":"auto","background-attachment":"scroll","background-type":"","background-media":"","overlay-type":"","overlay-color":"","overlay-opacity":"","overlay-gradient":""},"mobile":{"background-color":"","background-image":"","background-repeat":"repeat","background-position":"center center","background-size":"auto","background-attachment":"scroll","background-type":"","background-media":"","overlay-type":"","overlay-color":"","overlay-opacity":"","overlay-gradient":""}},"ast-content-background-meta":{"desktop":{"background-color":"var(--ast-global-color-5)","background-image":"","background-repeat":"repeat","background-position":"center center","background-size":"auto","background-attachment":"scroll","background-type":"","background-media":"","overlay-type":"","overlay-color":"","overlay-opacity":"","overlay-gradient":""},"tablet":{"background-color":"var(--ast-global-color-5)","background-image":"","background-repeat":"repeat","background-position":"center center","background-size":"auto","background-attachment":"scroll","background-type":"","background-media":"","overlay-type":"","overlay-color":"","overlay-opacity":"","overlay-gradient":""},"mobile":{"background-color":"var(--ast-global-color-5)","background-image":"","background-repeat":"repeat","background-position":"center center","background-size":"auto","background-attachment":"scroll","background-type":"","background-media":"","overlay-type":"","overlay-color":"","overlay-opacity":"","overlay-gradient":""}},"footnotes":""},"class_list":["post-26","page","type-page","status-publish","hentry"],"_links":{"self":[{"href":"https:\/\/www.dieter-wirth.com\/index.php?rest_route=\/wp\/v2\/pages\/26","targetHints":{"allow":["GET"]}}],"collection":[{"href":"https:\/\/www.dieter-wirth.com\/index.php?rest_route=\/wp\/v2\/pages"}],"about":[{"href":"https:\/\/www.dieter-wirth.com\/index.php?rest_route=\/wp\/v2\/types\/page"}],"author":[{"embeddable":true,"href":"https:\/\/www.dieter-wirth.com\/index.php?rest_route=\/wp\/v2\/users\/2"}],"replies":[{"embeddable":true,"href":"https:\/\/www.dieter-wirth.com\/index.php?rest_route=%2Fwp%2Fv2%2Fcomments&post=26"}],"version-history":[{"count":6,"href":"https:\/\/www.dieter-wirth.com\/index.php?rest_route=\/wp\/v2\/pages\/26\/revisions"}],"predecessor-version":[{"id":72,"href":"https:\/\/www.dieter-wirth.com\/index.php?rest_route=\/wp\/v2\/pages\/26\/revisions\/72"}],"wp:attachment":[{"href":"https:\/\/www.dieter-wirth.com\/index.php?rest_route=%2Fwp%2Fv2%2Fmedia&parent=26"}],"curies":[{"name":"wp","href":"https:\/\/api.w.org\/{rel}","templated":true}]}}